{"id":526,"date":"2021-03-14T10:52:33","date_gmt":"2021-03-14T09:52:33","guid":{"rendered":"http:\/\/www.webasstudio.com\/pocetna\/?page_id=526"},"modified":"2025-12-14T13:55:56","modified_gmt":"2025-12-14T12:55:56","slug":"naslovna","status":"publish","type":"page","link":"https:\/\/www.webasstudio.com\/pocetna\/","title":{"rendered":"PO\u010cETNA"},"content":{"rendered":"\n<p><\/p>\n\n\n\n<div class=\"wp-block-columns is-layout-flex wp-container-core-columns-is-layout-9d6595d7 wp-block-columns-is-layout-flex\">\n<div class=\"wp-block-column is-layout-flow wp-block-column-is-layout-flow\" style=\"flex-basis:100%\">\n<div class=\"wp-block-group\"><div class=\"wp-block-group__inner-container is-layout-flow wp-block-group-is-layout-flow\">\n<div class=\"wp-block-columns is-layout-flex wp-container-core-columns-is-layout-9d6595d7 wp-block-columns-is-layout-flex\">\n<div class=\"wp-block-column is-layout-flow wp-block-column-is-layout-flow\" style=\"flex-basis:100%\">\n<pre class=\"wp-block-code\"><code>Dobrodo\u0160li u na\u0160 svet 3D STIKERA !\nMi smo tu zahvaljuju\u0107i Vama ve\u0107 preko 10 godina i trudimo se da ispunimo \nsvaki Va\u0161 zahtev !\nRadimo isklju\u010divo sa kvalitetnom nema\u010dkom Poliuretanskom smolom vi\u0161egodi\u0161nje otpornosti.\n\nRadimo 3D STIKERE prema Va\u0161em zahtevu \n<strong><span class=\"has-inline-color has-luminous-vivid-orange-color\">(3D stikeri za felne, ukrasni, auto 3D stikeri, reklamni za Va\u0161u firmu...)<\/span><\/strong>\n\u0161to bi zna\u010dilo da nam posaljete Va\u0161 zahtev i mi prema tom zahtevu odradimo grafi\u010dko re\u0161enje koje kasnije dovedemo do finalnog proizvoda.\n\nDa bi izra\u010dunali cenu stikera potrebno je pomno\u017eiti \u0161irinu i visinu 3D stikera\n(npr. 5cm x 2cm = 10cm2).\nNajmanja koli\u010dina za porud\u017ebinu je 200cm2.\nCena po cm2 iznosi 8 din.\nZa ve\u0107e koli\u010dine kontaktirati na e-mail: webasstudio@gmail.com\nili mobilni telefon (poziv ili viber): Tel: 061.60.45.810 ili 060.317.30.40\nStikeri se izradjuju od 5 do 7 radnih dana od trenutka uplate i dogovora oko grafi\u010dkog re\u0161enja.\nIsporuka se vr\u0161i li\u010dno ili slanjem postexpress-om.\nPo\u0161tarina je gratis za koli\u010dine preko 5.000,00 din.\n<\/code><\/pre>\n<\/div>\n<\/div>\n<\/div><\/div>\n\n\n\n<div class=\"wp-block-group\"><div class=\"wp-block-group__inner-container is-layout-flow wp-block-group-is-layout-flow\">\n<div class=\"wp-block-group\"><div class=\"wp-block-group__inner-container is-layout-flow wp-block-group-is-layout-flow\">\n<div class=\"wp-block-columns are-vertically-aligned-top is-layout-flex wp-container-core-columns-is-layout-9d6595d7 wp-block-columns-is-layout-flex\">\n<div class=\"wp-block-column is-vertically-aligned-top is-layout-flow wp-block-column-is-layout-flow\" style=\"flex-basis:100%\"><\/div>\n<\/div>\n<\/div><\/div>\n<\/div><\/div>\n<\/div>\n<\/div>\n","protected":false},"excerpt":{"rendered":"","protected":false},"author":1,"featured_media":0,"parent":0,"menu_order":0,"comment_status":"closed","ping_status":"closed","template":"","meta":{"jetpack_post_was_ever_published":false,"footnotes":""},"class_list":["post-526","page","type-page","status-publish","hentry"],"jetpack_sharing_enabled":true,"jetpack_shortlink":"https:\/\/wp.me\/P71A25-8u","jetpack-related-posts":[],"_links":{"self":[{"href":"https:\/\/www.webasstudio.com\/pocetna\/wp-json\/wp\/v2\/pages\/526","targetHints":{"allow":["GET"]}}],"collection":[{"href":"https:\/\/www.webasstudio.com\/pocetna\/wp-json\/wp\/v2\/pages"}],"about":[{"href":"https:\/\/www.webasstudio.com\/pocetna\/wp-json\/wp\/v2\/types\/page"}],"author":[{"embeddable":true,"href":"https:\/\/www.webasstudio.com\/pocetna\/wp-json\/wp\/v2\/users\/1"}],"replies":[{"embeddable":true,"href":"https:\/\/www.webasstudio.com\/pocetna\/wp-json\/wp\/v2\/comments?post=526"}],"version-history":[{"count":19,"href":"https:\/\/www.webasstudio.com\/pocetna\/wp-json\/wp\/v2\/pages\/526\/revisions"}],"predecessor-version":[{"id":731,"href":"https:\/\/www.webasstudio.com\/pocetna\/wp-json\/wp\/v2\/pages\/526\/revisions\/731"}],"wp:attachment":[{"href":"https:\/\/www.webasstudio.com\/pocetna\/wp-json\/wp\/v2\/media?parent=526"}],"curies":[{"name":"wp","href":"https:\/\/api.w.org\/{rel}","templated":true}]}}